{"id":77,"date":"2012-01-03T03:47:05","date_gmt":"2012-01-03T07:47:05","guid":{"rendered":"http:\/\/rendezvousdelabaie.ca\/?page_id=77"},"modified":"2025-04-03T14:54:19","modified_gmt":"2025-04-03T17:54:19","slug":"art-gallery","status":"publish","type":"page","link":"https:\/\/rendezvousdelabaie.ca\/en\/art-gallery\/","title":{"rendered":"Le Tr\u00e9carr\u00e9 Art Gallery"},"content":{"rendered":"<div class=\"leftcol\">\n<p>Le Tr\u00e9carr\u00e9 is an artist-run-gallery located in the rural Acadian community of Baie Sainte-Marie Nova Scotia. Situated on the campus of Universit\u00e9 Sainte-Anne, Le Tr\u00e9carr\u00e9&#8217;s mandate is to expose local artists and residents to Canadian and international contemporary art; provide the infrastructure and programming needed to encourage artistic exploration and innovation; and present the cultural context needed to further the appreciation and development of a relevant, informed, and active Acadian voice. La Galerie D\u00e9traqu\u00e9 is a showcase gallery located in the entryway of La Manivelle printshop. It consists of three 3&#8242; x 6&#8242; viewing cabinets for exhibiting six, contemporary printmaking exhibitions each year from both members of La Manivelle and invited artists.<\/p>\n<p>For activity and reservation inquiries please contact:<br \/>\nLalie Douglas<br \/>\n<a href=\"mailto:conseildesartsdelabaie@gmail.com\">[ email ]<\/a><\/p>\n<h3 style=\"text-align: center;\">For more information<\/h3>\n<p style=\"text-align: center;\"><a title=\"Le Tr\u00e9carr\u00e9\" href=\"https:\/\/www.facebook.com\/conseildesartsdelabaie\/?fref=ts\" target=\"_blank\" rel=\"noopener\">Facebook Page: Conseil des Arts de la Baie<\/a><br \/>\n<a title=\"Le Conseil des Arts de la Baie\" href=\"http:\/\/conseildesartsdelabaie.blogspot.com\/\" target=\"_blank\" rel=\"noopener\">Blog: Conseil des Arts de la Baie<\/a><\/p>\n<\/div>\n<p><!--end leftcol--><\/p>\n<div class=\"rightcol\">\n<h3 style=\"margin-top: 0px; text-align: center;\">Current exhibition:<\/h3>\n<p>&nbsp;<\/p>\n<p>&nbsp;<\/p>\n<h3 style=\"text-align: center;\">Galerie Le Tr\u00e9carr\u00e9<\/h3>\n\n\n<div class=\"ngg-galleryoverview ngg-slideshow\"\n\t id=\"ngg-slideshow-ae9e6f78885d112dde9dc1c47e6f8484-20456927140\"\n     data-gallery-id=\"ae9e6f78885d112dde9dc1c47e6f8484\"\n     style=\"max-width: 400px; max-height: 300px;\">\n\n \t<div id=\"ngg-image-0\" class=\"ngg-gallery-slideshow-image\" style=\"height:300px\">\n\n        <a href=\"https:\/\/rendezvousdelabaie.ca\/wp-content\/themes\/rvb-2015\/gallery\/la-galerie\/old-photos-of-clare-expo-fb-banner.jpg\"\n           title=\"Old Photos of Clare - A Clare Retrospective\"\n           data-src=\"https:\/\/rendezvousdelabaie.ca\/wp-content\/themes\/rvb-2015\/gallery\/la-galerie\/old-photos-of-clare-expo-fb-banner.jpg\"\n           data-thumbnail=\"https:\/\/rendezvousdelabaie.ca\/wp-content\/themes\/rvb-2015\/gallery\/la-galerie\/thumbs\/thumbs_old-photos-of-clare-expo-fb-banner.jpg\"\n           data-image-id=\"203\"\n           data-title=\"Un Oeil sur le pass\u00e9\"\n           data-description=\"Old Photos of Clare - A Clare Retrospective\"\n           class=\"shutterset_ae9e6f78885d112dde9dc1c47e6f8484\">\n\n            <img data-image-id='203'\n                 title=\"Old Photos of Clare - A Clare Retrospective\"\n                 alt=\"Un Oeil sur le pass\u00e9\"\n                 src=\"https:\/\/rendezvousdelabaie.ca\/wp-content\/themes\/rvb-2015\/gallery\/la-galerie\/old-photos-of-clare-expo-fb-banner.jpg\"\n                 style=\"max-height: 280px;\"\/>\n        <\/a>\n\n        <\/div> \n<div id=\"ngg-image-1\" class=\"ngg-gallery-slideshow-image\" style=\"height:300px\">\n\n        <a href=\"https:\/\/rendezvousdelabaie.ca\/wp-content\/themes\/rvb-2015\/gallery\/la-galerie\/cormier2.jpg\"\n           title=\"Mounting the Lionel Cormier exhibition\"\n           data-src=\"https:\/\/rendezvousdelabaie.ca\/wp-content\/themes\/rvb-2015\/gallery\/la-galerie\/cormier2.jpg\"\n           data-thumbnail=\"https:\/\/rendezvousdelabaie.ca\/wp-content\/themes\/rvb-2015\/gallery\/la-galerie\/thumbs\/thumbs_cormier2.jpg\"\n           data-image-id=\"42\"\n           data-title=\"Montage exposition Lionel Cormier\"\n           data-description=\"Mounting the Lionel Cormier exhibition\"\n           class=\"shutterset_ae9e6f78885d112dde9dc1c47e6f8484\">\n\n            <img data-image-id='42'\n                 title=\"Mounting the Lionel Cormier exhibition\"\n                 alt=\"Montage exposition Lionel Cormier\"\n                 src=\"https:\/\/rendezvousdelabaie.ca\/wp-content\/themes\/rvb-2015\/gallery\/la-galerie\/cormier2.jpg\"\n                 style=\"max-height: 280px;\"\/>\n        <\/a>\n\n        <\/div> \n<div id=\"ngg-image-2\" class=\"ngg-gallery-slideshow-image\" style=\"height:300px\">\n\n        <a href=\"https:\/\/rendezvousdelabaie.ca\/wp-content\/themes\/rvb-2015\/gallery\/la-galerie\/cormier.jpg\"\n           title=\"Mounting the Lionel Cormier exhibition\"\n           data-src=\"https:\/\/rendezvousdelabaie.ca\/wp-content\/themes\/rvb-2015\/gallery\/la-galerie\/cormier.jpg\"\n           data-thumbnail=\"https:\/\/rendezvousdelabaie.ca\/wp-content\/themes\/rvb-2015\/gallery\/la-galerie\/thumbs\/thumbs_cormier.jpg\"\n           data-image-id=\"41\"\n           data-title=\"Montage exposition Lionel Cormier\"\n           data-description=\"Mounting the Lionel Cormier exhibition\"\n           class=\"shutterset_ae9e6f78885d112dde9dc1c47e6f8484\">\n\n            <img data-image-id='41'\n                 title=\"Mounting the Lionel Cormier exhibition\"\n                 alt=\"Montage exposition Lionel Cormier\"\n                 src=\"https:\/\/rendezvousdelabaie.ca\/wp-content\/themes\/rvb-2015\/gallery\/la-galerie\/cormier.jpg\"\n                 style=\"max-height: 280px;\"\/>\n        <\/a>\n\n        <\/div> \n<div id=\"ngg-image-3\" class=\"ngg-gallery-slideshow-image\" style=\"height:300px\">\n\n        <a href=\"https:\/\/rendezvousdelabaie.ca\/wp-content\/themes\/rvb-2015\/gallery\/la-galerie\/lancement_gleb.jpg\"\n           title=\"Georgette LeBlanc launches &#039;Am\u00e9d\u00e9&#039;\"\n           data-src=\"https:\/\/rendezvousdelabaie.ca\/wp-content\/themes\/rvb-2015\/gallery\/la-galerie\/lancement_gleb.jpg\"\n           data-thumbnail=\"https:\/\/rendezvousdelabaie.ca\/wp-content\/themes\/rvb-2015\/gallery\/la-galerie\/thumbs\/thumbs_lancement_gleb.jpg\"\n           data-image-id=\"46\"\n           data-title=\"Lancement Am\u00e9d\u00e9 Georgette LeBlanc\"\n           data-description=\"Georgette LeBlanc launches &#039;Am\u00e9d\u00e9&#039;\"\n           class=\"shutterset_ae9e6f78885d112dde9dc1c47e6f8484\">\n\n            <img data-image-id='46'\n                 title=\"Georgette LeBlanc launches &#039;Am\u00e9d\u00e9&#039;\"\n                 alt=\"Lancement Am\u00e9d\u00e9 Georgette LeBlanc\"\n                 src=\"https:\/\/rendezvousdelabaie.ca\/wp-content\/themes\/rvb-2015\/gallery\/la-galerie\/lancement_gleb.jpg\"\n                 style=\"max-height: 280px;\"\/>\n        <\/a>\n\n        <\/div> \n<div id=\"ngg-image-4\" class=\"ngg-gallery-slideshow-image\" style=\"height:300px\">\n\n        <a href=\"https:\/\/rendezvousdelabaie.ca\/wp-content\/themes\/rvb-2015\/gallery\/la-galerie\/crates.jpg\"\n           title=\"\"\n           data-src=\"https:\/\/rendezvousdelabaie.ca\/wp-content\/themes\/rvb-2015\/gallery\/la-galerie\/crates.jpg\"\n           data-thumbnail=\"https:\/\/rendezvousdelabaie.ca\/wp-content\/themes\/rvb-2015\/gallery\/la-galerie\/thumbs\/thumbs_crates.jpg\"\n           data-image-id=\"43\"\n           data-title=\"..\"\n           data-description=\"\"\n           class=\"shutterset_ae9e6f78885d112dde9dc1c47e6f8484\">\n\n            <img data-image-id='43'\n                 title=\"\"\n                 alt=\"..\"\n                 src=\"https:\/\/rendezvousdelabaie.ca\/wp-content\/themes\/rvb-2015\/gallery\/la-galerie\/crates.jpg\"\n                 style=\"max-height: 280px;\"\/>\n        <\/a>\n\n        <\/div> \n<div id=\"ngg-image-5\" class=\"ngg-gallery-slideshow-image\" style=\"height:300px\">\n\n        <a href=\"https:\/\/rendezvousdelabaie.ca\/wp-content\/themes\/rvb-2015\/gallery\/la-galerie\/expo-retro.jpg\"\n           title=\"Retro-Expo Opening\"\n           data-src=\"https:\/\/rendezvousdelabaie.ca\/wp-content\/themes\/rvb-2015\/gallery\/la-galerie\/expo-retro.jpg\"\n           data-thumbnail=\"https:\/\/rendezvousdelabaie.ca\/wp-content\/themes\/rvb-2015\/gallery\/la-galerie\/thumbs\/thumbs_expo-retro.jpg\"\n           data-image-id=\"44\"\n           data-title=\"Vernissage Retro-Expo\"\n           data-description=\"Retro-Expo Opening\"\n           class=\"shutterset_ae9e6f78885d112dde9dc1c47e6f8484\">\n\n            <img data-image-id='44'\n                 title=\"Retro-Expo Opening\"\n                 alt=\"Vernissage Retro-Expo\"\n                 src=\"https:\/\/rendezvousdelabaie.ca\/wp-content\/themes\/rvb-2015\/gallery\/la-galerie\/expo-retro.jpg\"\n                 style=\"max-height: 280px;\"\/>\n        <\/a>\n\n        <\/div> \n<div id=\"ngg-image-6\" class=\"ngg-gallery-slideshow-image\" style=\"height:300px\">\n\n        <a href=\"https:\/\/rendezvousdelabaie.ca\/wp-content\/themes\/rvb-2015\/gallery\/la-galerie\/q11.jpg\"\n           title=\"Retro-Expo Opening\"\n           data-src=\"https:\/\/rendezvousdelabaie.ca\/wp-content\/themes\/rvb-2015\/gallery\/la-galerie\/q11.jpg\"\n           data-thumbnail=\"https:\/\/rendezvousdelabaie.ca\/wp-content\/themes\/rvb-2015\/gallery\/la-galerie\/thumbs\/thumbs_q11.jpg\"\n           data-image-id=\"56\"\n           data-title=\"Vernissage Retro-Expo\"\n           data-description=\"Retro-Expo Opening\"\n           class=\"shutterset_ae9e6f78885d112dde9dc1c47e6f8484\">\n\n            <img data-image-id='56'\n                 title=\"Retro-Expo Opening\"\n                 alt=\"Vernissage Retro-Expo\"\n                 src=\"https:\/\/rendezvousdelabaie.ca\/wp-content\/themes\/rvb-2015\/gallery\/la-galerie\/q11.jpg\"\n                 style=\"max-height: 280px;\"\/>\n        <\/a>\n\n        <\/div> \n<div id=\"ngg-image-7\" class=\"ngg-gallery-slideshow-image\" style=\"height:300px\">\n\n        <a href=\"https:\/\/rendezvousdelabaie.ca\/wp-content\/themes\/rvb-2015\/gallery\/la-galerie\/q12.jpg\"\n           title=\"Retro-Expo Opening\"\n           data-src=\"https:\/\/rendezvousdelabaie.ca\/wp-content\/themes\/rvb-2015\/gallery\/la-galerie\/q12.jpg\"\n           data-thumbnail=\"https:\/\/rendezvousdelabaie.ca\/wp-content\/themes\/rvb-2015\/gallery\/la-galerie\/thumbs\/thumbs_q12.jpg\"\n           data-image-id=\"57\"\n           data-title=\"Vernissage Retro-Expo\"\n           data-description=\"Retro-Expo Opening\"\n           class=\"shutterset_ae9e6f78885d112dde9dc1c47e6f8484\">\n\n            <img data-image-id='57'\n                 title=\"Retro-Expo Opening\"\n                 alt=\"Vernissage Retro-Expo\"\n                 src=\"https:\/\/rendezvousdelabaie.ca\/wp-content\/themes\/rvb-2015\/gallery\/la-galerie\/q12.jpg\"\n                 style=\"max-height: 280px;\"\/>\n        <\/a>\n\n        <\/div> \n<div id=\"ngg-image-8\" class=\"ngg-gallery-slideshow-image\" style=\"height:300px\">\n\n        <a href=\"https:\/\/rendezvousdelabaie.ca\/wp-content\/themes\/rvb-2015\/gallery\/la-galerie\/q13.jpg\"\n           title=\"Retro-Expo Opening\"\n           data-src=\"https:\/\/rendezvousdelabaie.ca\/wp-content\/themes\/rvb-2015\/gallery\/la-galerie\/q13.jpg\"\n           data-thumbnail=\"https:\/\/rendezvousdelabaie.ca\/wp-content\/themes\/rvb-2015\/gallery\/la-galerie\/thumbs\/thumbs_q13.jpg\"\n           data-image-id=\"58\"\n           data-title=\"Vernissage Retro-Expo\"\n           data-description=\"Retro-Expo Opening\"\n           class=\"shutterset_ae9e6f78885d112dde9dc1c47e6f8484\">\n\n            <img data-image-id='58'\n                 title=\"Retro-Expo Opening\"\n                 alt=\"Vernissage Retro-Expo\"\n                 src=\"https:\/\/rendezvousdelabaie.ca\/wp-content\/themes\/rvb-2015\/gallery\/la-galerie\/q13.jpg\"\n                 style=\"max-height: 280px;\"\/>\n        <\/a>\n\n        <\/div> \n<div id=\"ngg-image-9\" class=\"ngg-gallery-slideshow-image\" style=\"height:300px\">\n\n        <a href=\"https:\/\/rendezvousdelabaie.ca\/wp-content\/themes\/rvb-2015\/gallery\/la-galerie\/q14.jpg\"\n           title=\"Retro-Expo Opening\"\n           data-src=\"https:\/\/rendezvousdelabaie.ca\/wp-content\/themes\/rvb-2015\/gallery\/la-galerie\/q14.jpg\"\n           data-thumbnail=\"https:\/\/rendezvousdelabaie.ca\/wp-content\/themes\/rvb-2015\/gallery\/la-galerie\/thumbs\/thumbs_q14.jpg\"\n           data-image-id=\"59\"\n           data-title=\"Vernissage Retro-Expo\"\n           data-description=\"Retro-Expo Opening\"\n           class=\"shutterset_ae9e6f78885d112dde9dc1c47e6f8484\">\n\n            <img data-image-id='59'\n                 title=\"Retro-Expo Opening\"\n                 alt=\"Vernissage Retro-Expo\"\n                 src=\"https:\/\/rendezvousdelabaie.ca\/wp-content\/themes\/rvb-2015\/gallery\/la-galerie\/q14.jpg\"\n                 style=\"max-height: 280px;\"\/>\n        <\/a>\n\n        <\/div> \n<div id=\"ngg-image-10\" class=\"ngg-gallery-slideshow-image\" style=\"height:300px\">\n\n        <a href=\"https:\/\/rendezvousdelabaie.ca\/wp-content\/themes\/rvb-2015\/gallery\/la-galerie\/beaudoin.jpg\"\n           title=\"\"\n           data-src=\"https:\/\/rendezvousdelabaie.ca\/wp-content\/themes\/rvb-2015\/gallery\/la-galerie\/beaudoin.jpg\"\n           data-thumbnail=\"https:\/\/rendezvousdelabaie.ca\/wp-content\/themes\/rvb-2015\/gallery\/la-galerie\/thumbs\/thumbs_beaudoin.jpg\"\n           data-image-id=\"40\"\n           data-title=\"Marie-France Beaudoin\"\n           data-description=\"\"\n           class=\"shutterset_ae9e6f78885d112dde9dc1c47e6f8484\">\n\n            <img data-image-id='40'\n                 title=\"\"\n                 alt=\"Marie-France Beaudoin\"\n                 src=\"https:\/\/rendezvousdelabaie.ca\/wp-content\/themes\/rvb-2015\/gallery\/la-galerie\/beaudoin.jpg\"\n                 style=\"max-height: 280px;\"\/>\n        <\/a>\n\n        <\/div> \n<div id=\"ngg-image-11\" class=\"ngg-gallery-slideshow-image\" style=\"height:300px\">\n\n        <a href=\"https:\/\/rendezvousdelabaie.ca\/wp-content\/themes\/rvb-2015\/gallery\/la-galerie\/franco.jpg\"\n           title=\"\"\n           data-src=\"https:\/\/rendezvousdelabaie.ca\/wp-content\/themes\/rvb-2015\/gallery\/la-galerie\/franco.jpg\"\n           data-thumbnail=\"https:\/\/rendezvousdelabaie.ca\/wp-content\/themes\/rvb-2015\/gallery\/la-galerie\/thumbs\/thumbs_franco.jpg\"\n           data-image-id=\"45\"\n           data-title=\"Fran\u00e7ois Gaudet\"\n           data-description=\"\"\n           class=\"shutterset_ae9e6f78885d112dde9dc1c47e6f8484\">\n\n            <img data-image-id='45'\n                 title=\"\"\n                 alt=\"Fran\u00e7ois Gaudet\"\n                 src=\"https:\/\/rendezvousdelabaie.ca\/wp-content\/themes\/rvb-2015\/gallery\/la-galerie\/franco.jpg\"\n                 style=\"max-height: 280px;\"\/>\n        <\/a>\n\n        <\/div> \n<div id=\"ngg-image-12\" class=\"ngg-gallery-slideshow-image\" style=\"height:300px\">\n\n        <a href=\"https:\/\/rendezvousdelabaie.ca\/wp-content\/themes\/rvb-2015\/gallery\/la-galerie\/mleger.jpg\"\n           title=\"\"\n           data-src=\"https:\/\/rendezvousdelabaie.ca\/wp-content\/themes\/rvb-2015\/gallery\/la-galerie\/mleger.jpg\"\n           data-thumbnail=\"https:\/\/rendezvousdelabaie.ca\/wp-content\/themes\/rvb-2015\/gallery\/la-galerie\/thumbs\/thumbs_mleger.jpg\"\n           data-image-id=\"47\"\n           data-title=\"Mathieu L\u00e9ger\"\n           data-description=\"\"\n           class=\"shutterset_ae9e6f78885d112dde9dc1c47e6f8484\">\n\n            <img data-image-id='47'\n                 title=\"\"\n                 alt=\"Mathieu L\u00e9ger\"\n                 src=\"https:\/\/rendezvousdelabaie.ca\/wp-content\/themes\/rvb-2015\/gallery\/la-galerie\/mleger.jpg\"\n                 style=\"max-height: 280px;\"\/>\n        <\/a>\n\n        <\/div> \n<div id=\"ngg-image-13\" class=\"ngg-gallery-slideshow-image\" style=\"height:300px\">\n\n        <a href=\"https:\/\/rendezvousdelabaie.ca\/wp-content\/themes\/rvb-2015\/gallery\/la-galerie\/q6.jpg\"\n           title=\"Le Tr\u00e9carr\u00e9 Grand Opening\"\n           data-src=\"https:\/\/rendezvousdelabaie.ca\/wp-content\/themes\/rvb-2015\/gallery\/la-galerie\/q6.jpg\"\n           data-thumbnail=\"https:\/\/rendezvousdelabaie.ca\/wp-content\/themes\/rvb-2015\/gallery\/la-galerie\/thumbs\/thumbs_q6.jpg\"\n           data-image-id=\"51\"\n           data-title=\"Ouverture Le Tr\u00e9carr\u00e9\"\n           data-description=\"Le Tr\u00e9carr\u00e9 Grand Opening\"\n           class=\"shutterset_ae9e6f78885d112dde9dc1c47e6f8484\">\n\n            <img data-image-id='51'\n                 title=\"Le Tr\u00e9carr\u00e9 Grand Opening\"\n                 alt=\"Ouverture Le Tr\u00e9carr\u00e9\"\n                 src=\"https:\/\/rendezvousdelabaie.ca\/wp-content\/themes\/rvb-2015\/gallery\/la-galerie\/q6.jpg\"\n                 style=\"max-height: 280px;\"\/>\n        <\/a>\n\n        <\/div> \n<div id=\"ngg-image-14\" class=\"ngg-gallery-slideshow-image\" style=\"height:300px\">\n\n        <a href=\"https:\/\/rendezvousdelabaie.ca\/wp-content\/themes\/rvb-2015\/gallery\/la-galerie\/q4.jpg\"\n           title=\"Le Tr\u00e9carr\u00e9 Grand Opening\"\n           data-src=\"https:\/\/rendezvousdelabaie.ca\/wp-content\/themes\/rvb-2015\/gallery\/la-galerie\/q4.jpg\"\n           data-thumbnail=\"https:\/\/rendezvousdelabaie.ca\/wp-content\/themes\/rvb-2015\/gallery\/la-galerie\/thumbs\/thumbs_q4.jpg\"\n           data-image-id=\"50\"\n           data-title=\"Ouverture Le Tr\u00e9carr\u00e9\"\n           data-description=\"Le Tr\u00e9carr\u00e9 Grand Opening\"\n           class=\"shutterset_ae9e6f78885d112dde9dc1c47e6f8484\">\n\n            <img data-image-id='50'\n                 title=\"Le Tr\u00e9carr\u00e9 Grand Opening\"\n                 alt=\"Ouverture Le Tr\u00e9carr\u00e9\"\n                 src=\"https:\/\/rendezvousdelabaie.ca\/wp-content\/themes\/rvb-2015\/gallery\/la-galerie\/q4.jpg\"\n                 style=\"max-height: 280px;\"\/>\n        <\/a>\n\n        <\/div> \n<div id=\"ngg-image-15\" class=\"ngg-gallery-slideshow-image\" style=\"height:300px\">\n\n        <a href=\"https:\/\/rendezvousdelabaie.ca\/wp-content\/themes\/rvb-2015\/gallery\/la-galerie\/ouverture.jpg\"\n           title=\"Printmaking exhibition\"\n           data-src=\"https:\/\/rendezvousdelabaie.ca\/wp-content\/themes\/rvb-2015\/gallery\/la-galerie\/ouverture.jpg\"\n           data-thumbnail=\"https:\/\/rendezvousdelabaie.ca\/wp-content\/themes\/rvb-2015\/gallery\/la-galerie\/thumbs\/thumbs_ouverture.jpg\"\n           data-image-id=\"48\"\n           data-title=\"L&#039;expo des estampes\"\n           data-description=\"Printmaking exhibition\"\n           class=\"shutterset_ae9e6f78885d112dde9dc1c47e6f8484\">\n\n            <img data-image-id='48'\n                 title=\"Printmaking exhibition\"\n                 alt=\"L&#039;expo des estampes\"\n                 src=\"https:\/\/rendezvousdelabaie.ca\/wp-content\/themes\/rvb-2015\/gallery\/la-galerie\/ouverture.jpg\"\n                 style=\"max-height: 280px;\"\/>\n        <\/a>\n\n        <\/div> \n<div id=\"ngg-image-16\" class=\"ngg-gallery-slideshow-image\" style=\"height:300px\">\n\n        <a href=\"https:\/\/rendezvousdelabaie.ca\/wp-content\/themes\/rvb-2015\/gallery\/la-galerie\/q1.jpg\"\n           title=\"Printmaking exhibition\"\n           data-src=\"https:\/\/rendezvousdelabaie.ca\/wp-content\/themes\/rvb-2015\/gallery\/la-galerie\/q1.jpg\"\n           data-thumbnail=\"https:\/\/rendezvousdelabaie.ca\/wp-content\/themes\/rvb-2015\/gallery\/la-galerie\/thumbs\/thumbs_q1.jpg\"\n           data-image-id=\"49\"\n           data-title=\"L&#039;expo des estampes\"\n           data-description=\"Printmaking exhibition\"\n           class=\"shutterset_ae9e6f78885d112dde9dc1c47e6f8484\">\n\n            <img data-image-id='49'\n                 title=\"Printmaking exhibition\"\n                 alt=\"L&#039;expo des estampes\"\n                 src=\"https:\/\/rendezvousdelabaie.ca\/wp-content\/themes\/rvb-2015\/gallery\/la-galerie\/q1.jpg\"\n                 style=\"max-height: 280px;\"\/>\n        <\/a>\n\n        <\/div> \n<div id=\"ngg-image-17\" class=\"ngg-gallery-slideshow-image\" style=\"height:300px\">\n\n        <a href=\"https:\/\/rendezvousdelabaie.ca\/wp-content\/themes\/rvb-2015\/gallery\/la-galerie\/q7.jpg\"\n           title=\"Joe Bengiveni Opening\"\n           data-src=\"https:\/\/rendezvousdelabaie.ca\/wp-content\/themes\/rvb-2015\/gallery\/la-galerie\/q7.jpg\"\n           data-thumbnail=\"https:\/\/rendezvousdelabaie.ca\/wp-content\/themes\/rvb-2015\/gallery\/la-galerie\/thumbs\/thumbs_q7.jpg\"\n           data-image-id=\"52\"\n           data-title=\"Vernissage, Joe Bengiveni\"\n           data-description=\"Joe Bengiveni Opening\"\n           class=\"shutterset_ae9e6f78885d112dde9dc1c47e6f8484\">\n\n            <img data-image-id='52'\n                 title=\"Joe Bengiveni Opening\"\n                 alt=\"Vernissage, Joe Bengiveni\"\n                 src=\"https:\/\/rendezvousdelabaie.ca\/wp-content\/themes\/rvb-2015\/gallery\/la-galerie\/q7.jpg\"\n                 style=\"max-height: 280px;\"\/>\n        <\/a>\n\n        <\/div> \n<div id=\"ngg-image-18\" class=\"ngg-gallery-slideshow-image\" style=\"height:300px\">\n\n        <a href=\"https:\/\/rendezvousdelabaie.ca\/wp-content\/themes\/rvb-2015\/gallery\/la-galerie\/q10.jpg\"\n           title=\"Wayne Boucher Opening\"\n           data-src=\"https:\/\/rendezvousdelabaie.ca\/wp-content\/themes\/rvb-2015\/gallery\/la-galerie\/q10.jpg\"\n           data-thumbnail=\"https:\/\/rendezvousdelabaie.ca\/wp-content\/themes\/rvb-2015\/gallery\/la-galerie\/thumbs\/thumbs_q10.jpg\"\n           data-image-id=\"55\"\n           data-title=\"Vernissage, Wayne Boucher\"\n           data-description=\"Wayne Boucher Opening\"\n           class=\"shutterset_ae9e6f78885d112dde9dc1c47e6f8484\">\n\n            <img data-image-id='55'\n                 title=\"Wayne Boucher Opening\"\n                 alt=\"Vernissage, Wayne Boucher\"\n                 src=\"https:\/\/rendezvousdelabaie.ca\/wp-content\/themes\/rvb-2015\/gallery\/la-galerie\/q10.jpg\"\n                 style=\"max-height: 280px;\"\/>\n        <\/a>\n\n        <\/div> \n<div id=\"ngg-image-19\" class=\"ngg-gallery-slideshow-image\" style=\"height:300px\">\n\n        <a href=\"https:\/\/rendezvousdelabaie.ca\/wp-content\/themes\/rvb-2015\/gallery\/la-galerie\/q8.jpg\"\n           title=\"Wayne Boucher Opening\"\n           data-src=\"https:\/\/rendezvousdelabaie.ca\/wp-content\/themes\/rvb-2015\/gallery\/la-galerie\/q8.jpg\"\n           data-thumbnail=\"https:\/\/rendezvousdelabaie.ca\/wp-content\/themes\/rvb-2015\/gallery\/la-galerie\/thumbs\/thumbs_q8.jpg\"\n           data-image-id=\"53\"\n           data-title=\"Vernissage, Wayne Boucher\"\n           data-description=\"Wayne Boucher Opening\"\n           class=\"shutterset_ae9e6f78885d112dde9dc1c47e6f8484\">\n\n            <img data-image-id='53'\n                 title=\"Wayne Boucher Opening\"\n                 alt=\"Vernissage, Wayne Boucher\"\n                 src=\"https:\/\/rendezvousdelabaie.ca\/wp-content\/themes\/rvb-2015\/gallery\/la-galerie\/q8.jpg\"\n                 style=\"max-height: 280px;\"\/>\n        <\/a>\n\n        <\/div> \n<div id=\"ngg-image-20\" class=\"ngg-gallery-slideshow-image\" style=\"height:300px\">\n\n        <a href=\"https:\/\/rendezvousdelabaie.ca\/wp-content\/themes\/rvb-2015\/gallery\/la-galerie\/q9.jpg\"\n           title=\"Wayne Boucher Opening\"\n           data-src=\"https:\/\/rendezvousdelabaie.ca\/wp-content\/themes\/rvb-2015\/gallery\/la-galerie\/q9.jpg\"\n           data-thumbnail=\"https:\/\/rendezvousdelabaie.ca\/wp-content\/themes\/rvb-2015\/gallery\/la-galerie\/thumbs\/thumbs_q9.jpg\"\n           data-image-id=\"54\"\n           data-title=\"Vernissage, Wayne Boucher\"\n           data-description=\"Wayne Boucher Opening\"\n           class=\"shutterset_ae9e6f78885d112dde9dc1c47e6f8484\">\n\n            <img data-image-id='54'\n                 title=\"Wayne Boucher Opening\"\n                 alt=\"Vernissage, Wayne Boucher\"\n                 src=\"https:\/\/rendezvousdelabaie.ca\/wp-content\/themes\/rvb-2015\/gallery\/la-galerie\/q9.jpg\"\n                 style=\"max-height: 280px;\"\/>\n        <\/a>\n\n        <\/div> \n<\/div>\n\n\n\n<\/div>\n","protected":false},"excerpt":{"rendered":"<p>Le Tr\u00e9carr\u00e9 is an artist-run-gallery located in the rural Acadian community of Baie Sainte-Marie Nova Scotia. Situated on the campus of Universit\u00e9 Sainte-Anne, Le Tr\u00e9carr\u00e9&#8217;s mandate is to expose local artists and residents to Canadian and international contemporary art; provide the infrastructure and programming needed to encourage artistic exploration and innovation; and present the cultural &hellip; <a href=\"https:\/\/rendezvousdelabaie.ca\/en\/art-gallery\/\" class=\"more-link\">Continue reading <span class=\"screen-reader-text\">Le Tr\u00e9carr\u00e9 Art Gallery<\/span><\/a><\/p>\n","protected":false},"author":16,"featured_media":0,"parent":0,"menu_order":0,"comment_status":"open","ping_status":"closed","template":"","meta":{"ngg_post_thumbnail":0,"_monsterinsights_skip_tracking":false,"_monsterinsights_sitenote_active":false,"_monsterinsights_sitenote_note":"","_monsterinsights_sitenote_category":0},"_links":{"self":[{"href":"https:\/\/rendezvousdelabaie.ca\/en\/wp-json\/wp\/v2\/pages\/77\/"}],"collection":[{"href":"https:\/\/rendezvousdelabaie.ca\/en\/wp-json\/wp\/v2\/pages\/"}],"about":[{"href":"https:\/\/rendezvousdelabaie.ca\/en\/wp-json\/wp\/v2\/types\/page\/"}],"author":[{"embeddable":true,"href":"https:\/\/rendezvousdelabaie.ca\/en\/wp-json\/wp\/v2\/users\/16\/"}],"replies":[{"embeddable":true,"href":"https:\/\/rendezvousdelabaie.ca\/en\/wp-json\/wp\/v2\/comments\/?post=77"}],"version-history":[{"count":0,"href":"https:\/\/rendezvousdelabaie.ca\/en\/wp-json\/wp\/v2\/pages\/77\/revisions\/"}],"wp:attachment":[{"href":"https:\/\/rendezvousdelabaie.ca\/en\/wp-json\/wp\/v2\/media\/?parent=77"}],"curies":[{"name":"wp","href":"https:\/\/api.w.org\/{rel}","templated":true}]}}