{"id":1454,"date":"2015-03-17T11:08:16","date_gmt":"2015-03-17T14:08:16","guid":{"rendered":"http:\/\/rendezvousdelabaie.ca\/?page_id=1454"},"modified":"2016-01-08T10:44:36","modified_gmt":"2016-01-08T14:44:36","slug":"2014-archive","status":"publish","type":"page","link":"https:\/\/rendezvousdelabaie.ca\/en\/activities-and-events\/2014-archive\/","title":{"rendered":"2014"},"content":{"rendered":"<h1>2014 ACTIVITIES PROGRAM @ RENDEZ-VOUS DE LA BAIE<br \/>\n<\/h1>\n<p>View photo slideshow below for a preview of programming activities for the 2014 season. Details coming soon!<\/p>\n<p><strong><a href=\"http:\/\/rendezvousdelabaie.ca\/art-de-la-baie-2\/?lang=en\" target=\"_blank\"><strong>&#8216;Art de la Baie&#8217; demos &#038; workshops, Wednesdays, 10 am &#8211; 3 pm<\/strong><\/a><\/strong><\/p>\n<p><a href=\"http:\/\/lepetitbois.ca\/guided-walks\/?lang=en\" target=\"_blank\"><strong>Guided walking tours, Le Petit Bois trails<\/strong><\/a><\/p>\n<p><strong>Musique de la Baie, Mondays, 5pm-7pm<\/strong><br \/>\nJuly 7 &#8211; August 18<br \/>\n902-769-3674<\/p>\n\n\n<div class=\"ngg-galleryoverview ngg-slideshow\"\n\t id=\"ngg-slideshow-d8ad7aef652f7a6a2ad9d5e325c6583a-12102985400\"\n     data-gallery-id=\"d8ad7aef652f7a6a2ad9d5e325c6583a\"\n     style=\"max-width: 667px; max-height: 450px;\">\n\n \t<div id=\"ngg-image-0\" class=\"ngg-gallery-slideshow-image\" style=\"height:450px\">\n\n        <a href=\"https:\/\/rendezvousdelabaie.ca\/wp-content\/themes\/rvb-2015\/gallery\/ae2014\/nocturne-sahara-dragons.jpg\"\n           title=\"Festival de Clare-t\u00e9, Saturday, March 23\"\n           data-src=\"https:\/\/rendezvousdelabaie.ca\/wp-content\/themes\/rvb-2015\/gallery\/ae2014\/nocturne-sahara-dragons.jpg\"\n           data-thumbnail=\"https:\/\/rendezvousdelabaie.ca\/wp-content\/themes\/rvb-2015\/gallery\/ae2014\/thumbs\/thumbs_nocturne-sahara-dragons.jpg\"\n           data-image-id=\"240\"\n           data-title=\"Festival de Clare-t\u00e9, le samedi 23 mars\"\n           data-description=\"Festival de Clare-t\u00e9, Saturday, March 23\"\n           class=\"shutterset_d8ad7aef652f7a6a2ad9d5e325c6583a\">\n\n            <img data-image-id='240'\n                 title=\"Festival de Clare-t\u00e9, Saturday, March 23\"\n                 alt=\"Festival de Clare-t\u00e9, le samedi 23 mars\"\n                 src=\"https:\/\/rendezvousdelabaie.ca\/wp-content\/themes\/rvb-2015\/gallery\/ae2014\/nocturne-sahara-dragons.jpg\"\n                 style=\"max-height: 430px;\"\/>\n        <\/a>\n\n        <\/div> \n<div id=\"ngg-image-1\" class=\"ngg-gallery-slideshow-image\" style=\"height:450px\">\n\n        <a href=\"https:\/\/rendezvousdelabaie.ca\/wp-content\/themes\/rvb-2015\/gallery\/ae2014\/rendez-vous-de-la-baie-fricot-sample.jpg\"\n           title=\"Acadian Adventures guided tours | June - September\"\n           data-src=\"https:\/\/rendezvousdelabaie.ca\/wp-content\/themes\/rvb-2015\/gallery\/ae2014\/rendez-vous-de-la-baie-fricot-sample.jpg\"\n           data-thumbnail=\"https:\/\/rendezvousdelabaie.ca\/wp-content\/themes\/rvb-2015\/gallery\/ae2014\/thumbs\/thumbs_rendez-vous-de-la-baie-fricot-sample.jpg\"\n           data-image-id=\"244\"\n           data-title=\"Aventures acadiennes, tourn\u00e9es guid\u00e9es | juin - septembre\"\n           data-description=\"Acadian Adventures guided tours | June - September\"\n           class=\"shutterset_d8ad7aef652f7a6a2ad9d5e325c6583a\">\n\n            <img data-image-id='244'\n                 title=\"Acadian Adventures guided tours | June - September\"\n                 alt=\"Aventures acadiennes, tourn\u00e9es guid\u00e9es | juin - septembre\"\n                 src=\"https:\/\/rendezvousdelabaie.ca\/wp-content\/themes\/rvb-2015\/gallery\/ae2014\/rendez-vous-de-la-baie-fricot-sample.jpg\"\n                 style=\"max-height: 430px;\"\/>\n        <\/a>\n\n        <\/div> \n<div id=\"ngg-image-2\" class=\"ngg-gallery-slideshow-image\" style=\"height:450px\">\n\n        <a href=\"https:\/\/rendezvousdelabaie.ca\/wp-content\/themes\/rvb-2015\/gallery\/ae2014\/art-de-la-baie-sheila-leblanc.jpg\"\n           title=\"Art de la Baie interactive workshops| Wednesdays, 10am-3pm, June to September\"\n           data-src=\"https:\/\/rendezvousdelabaie.ca\/wp-content\/themes\/rvb-2015\/gallery\/ae2014\/art-de-la-baie-sheila-leblanc.jpg\"\n           data-thumbnail=\"https:\/\/rendezvousdelabaie.ca\/wp-content\/themes\/rvb-2015\/gallery\/ae2014\/thumbs\/thumbs_art-de-la-baie-sheila-leblanc.jpg\"\n           data-image-id=\"237\"\n           data-title=\"Ateliers Art de la Baie | juin - septembre, les mercredis, 10h-15h\"\n           data-description=\"Art de la Baie interactive workshops| Wednesdays, 10am-3pm, June to September\"\n           class=\"shutterset_d8ad7aef652f7a6a2ad9d5e325c6583a\">\n\n            <img data-image-id='237'\n                 title=\"Art de la Baie interactive workshops| Wednesdays, 10am-3pm, June to September\"\n                 alt=\"Ateliers Art de la Baie | juin - septembre, les mercredis, 10h-15h\"\n                 src=\"https:\/\/rendezvousdelabaie.ca\/wp-content\/themes\/rvb-2015\/gallery\/ae2014\/art-de-la-baie-sheila-leblanc.jpg\"\n                 style=\"max-height: 430px;\"\/>\n        <\/a>\n\n        <\/div> \n<div id=\"ngg-image-3\" class=\"ngg-gallery-slideshow-image\" style=\"height:450px\">\n\n        <a href=\"https:\/\/rendezvousdelabaie.ca\/wp-content\/themes\/rvb-2015\/gallery\/ae2014\/kyle-and-lisa-rvb.jpg\"\n           title=\"Musique de la Baie concerts| Mondays, 5pm-7pm, June to September\"\n           data-src=\"https:\/\/rendezvousdelabaie.ca\/wp-content\/themes\/rvb-2015\/gallery\/ae2014\/kyle-and-lisa-rvb.jpg\"\n           data-thumbnail=\"https:\/\/rendezvousdelabaie.ca\/wp-content\/themes\/rvb-2015\/gallery\/ae2014\/thumbs\/thumbs_kyle-and-lisa-rvb.jpg\"\n           data-image-id=\"238\"\n           data-title=\"Spectacles Musique de la Baie | juin au septembre, les lundis, 17h-19h\"\n           data-description=\"Musique de la Baie concerts| Mondays, 5pm-7pm, June to September\"\n           class=\"shutterset_d8ad7aef652f7a6a2ad9d5e325c6583a\">\n\n            <img data-image-id='238'\n                 title=\"Musique de la Baie concerts| Mondays, 5pm-7pm, June to September\"\n                 alt=\"Spectacles Musique de la Baie | juin au septembre, les lundis, 17h-19h\"\n                 src=\"https:\/\/rendezvousdelabaie.ca\/wp-content\/themes\/rvb-2015\/gallery\/ae2014\/kyle-and-lisa-rvb.jpg\"\n                 style=\"max-height: 430px;\"\/>\n        <\/a>\n\n        <\/div> \n<div id=\"ngg-image-4\" class=\"ngg-gallery-slideshow-image\" style=\"height:450px\">\n\n        <a href=\"https:\/\/rendezvousdelabaie.ca\/wp-content\/themes\/rvb-2015\/gallery\/ae2014\/nocturne-legendes-de-la-baie.jpg\"\n           title=\"Lantern tours | July-August, Tuesdays, 11 am and 4 pm\"\n           data-src=\"https:\/\/rendezvousdelabaie.ca\/wp-content\/themes\/rvb-2015\/gallery\/ae2014\/nocturne-legendes-de-la-baie.jpg\"\n           data-thumbnail=\"https:\/\/rendezvousdelabaie.ca\/wp-content\/themes\/rvb-2015\/gallery\/ae2014\/thumbs\/thumbs_nocturne-legendes-de-la-baie.jpg\"\n           data-image-id=\"239\"\n           data-title=\"Tourn\u00e9es \u00e0 la lanterne | les mardis, juillet-a\u00f4ut, 11h et 16h\"\n           data-description=\"Lantern tours | July-August, Tuesdays, 11 am and 4 pm\"\n           class=\"shutterset_d8ad7aef652f7a6a2ad9d5e325c6583a\">\n\n            <img data-image-id='239'\n                 title=\"Lantern tours | July-August, Tuesdays, 11 am and 4 pm\"\n                 alt=\"Tourn\u00e9es \u00e0 la lanterne | les mardis, juillet-a\u00f4ut, 11h et 16h\"\n                 src=\"https:\/\/rendezvousdelabaie.ca\/wp-content\/themes\/rvb-2015\/gallery\/ae2014\/nocturne-legendes-de-la-baie.jpg\"\n                 style=\"max-height: 430px;\"\/>\n        <\/a>\n\n        <\/div> \n<div id=\"ngg-image-5\" class=\"ngg-gallery-slideshow-image\" style=\"height:450px\">\n\n        <a href=\"https:\/\/rendezvousdelabaie.ca\/wp-content\/themes\/rvb-2015\/gallery\/ae2014\/petit-bois.jpg\"\n           title=\"Guided interpretive walks, Le Petit Bois trails | July-September\"\n           data-src=\"https:\/\/rendezvousdelabaie.ca\/wp-content\/themes\/rvb-2015\/gallery\/ae2014\/petit-bois.jpg\"\n           data-thumbnail=\"https:\/\/rendezvousdelabaie.ca\/wp-content\/themes\/rvb-2015\/gallery\/ae2014\/thumbs\/thumbs_petit-bois.jpg\"\n           data-image-id=\"241\"\n           data-title=\"Tourn\u00e9es guid\u00e9es aux sentiers Le Petit Bois | juillet-septembre\"\n           data-description=\"Guided interpretive walks, Le Petit Bois trails | July-September\"\n           class=\"shutterset_d8ad7aef652f7a6a2ad9d5e325c6583a\">\n\n            <img data-image-id='241'\n                 title=\"Guided interpretive walks, Le Petit Bois trails | July-September\"\n                 alt=\"Tourn\u00e9es guid\u00e9es aux sentiers Le Petit Bois | juillet-septembre\"\n                 src=\"https:\/\/rendezvousdelabaie.ca\/wp-content\/themes\/rvb-2015\/gallery\/ae2014\/petit-bois.jpg\"\n                 style=\"max-height: 430px;\"\/>\n        <\/a>\n\n        <\/div> \n<div id=\"ngg-image-6\" class=\"ngg-gallery-slideshow-image\" style=\"height:450px\">\n\n        <a href=\"https:\/\/rendezvousdelabaie.ca\/wp-content\/themes\/rvb-2015\/gallery\/ae2014\/poker-run-rvb-outside.jpg\"\n           title=\"Clare Poker Run during Wharf Rat Rally, August 27-30\"\n           data-src=\"https:\/\/rendezvousdelabaie.ca\/wp-content\/themes\/rvb-2015\/gallery\/ae2014\/poker-run-rvb-outside.jpg\"\n           data-thumbnail=\"https:\/\/rendezvousdelabaie.ca\/wp-content\/themes\/rvb-2015\/gallery\/ae2014\/thumbs\/thumbs_poker-run-rvb-outside.jpg\"\n           data-image-id=\"242\"\n           data-title=\"Clare Poker Run pendant Wharf Rat Rally, les 27-30 ao\u00fbt\"\n           data-description=\"Clare Poker Run during Wharf Rat Rally, August 27-30\"\n           class=\"shutterset_d8ad7aef652f7a6a2ad9d5e325c6583a\">\n\n            <img data-image-id='242'\n                 title=\"Clare Poker Run during Wharf Rat Rally, August 27-30\"\n                 alt=\"Clare Poker Run pendant Wharf Rat Rally, les 27-30 ao\u00fbt\"\n                 src=\"https:\/\/rendezvousdelabaie.ca\/wp-content\/themes\/rvb-2015\/gallery\/ae2014\/poker-run-rvb-outside.jpg\"\n                 style=\"max-height: 430px;\"\/>\n        <\/a>\n\n        <\/div> \n<div id=\"ngg-image-7\" class=\"ngg-gallery-slideshow-image\" style=\"height:450px\">\n\n        <a href=\"https:\/\/rendezvousdelabaie.ca\/wp-content\/themes\/rvb-2015\/gallery\/ae2014\/poker-run-rvb.jpg\"\n           title=\"Clare Poker Run during Wharf Rat Rally, August 27-30\"\n           data-src=\"https:\/\/rendezvousdelabaie.ca\/wp-content\/themes\/rvb-2015\/gallery\/ae2014\/poker-run-rvb.jpg\"\n           data-thumbnail=\"https:\/\/rendezvousdelabaie.ca\/wp-content\/themes\/rvb-2015\/gallery\/ae2014\/thumbs\/thumbs_poker-run-rvb.jpg\"\n           data-image-id=\"243\"\n           data-title=\"Clare Poker Run pendant Wharf Rat Rally, les 27-30 ao\u00fbt\"\n           data-description=\"Clare Poker Run during Wharf Rat Rally, August 27-30\"\n           class=\"shutterset_d8ad7aef652f7a6a2ad9d5e325c6583a\">\n\n            <img data-image-id='243'\n                 title=\"Clare Poker Run during Wharf Rat Rally, August 27-30\"\n                 alt=\"Clare Poker Run pendant Wharf Rat Rally, les 27-30 ao\u00fbt\"\n                 src=\"https:\/\/rendezvousdelabaie.ca\/wp-content\/themes\/rvb-2015\/gallery\/ae2014\/poker-run-rvb.jpg\"\n                 style=\"max-height: 430px;\"\/>\n        <\/a>\n\n        <\/div> \n<\/div>\n\n\n\n\n","protected":false},"excerpt":{"rendered":"<p>2014 ACTIVITIES PROGRAM @ RENDEZ-VOUS DE LA BAIE View photo slideshow below for a preview of programming activities for the 2014 season. Details coming soon! &#8216;Art de la Baie&#8217; demos &#038; workshops, Wednesdays, 10 am &#8211; 3 pm Guided walking tours, Le Petit Bois trails Musique de la Baie, Mondays, 5pm-7pm July 7 &#8211; August &hellip; <a href=\"https:\/\/rendezvousdelabaie.ca\/en\/activities-and-events\/2014-archive\/\" class=\"more-link\">Continue reading <span class=\"screen-reader-text\">2014<\/span><\/a><\/p>\n","protected":false},"author":2,"featured_media":0,"parent":168,"menu_order":1,"comment_status":"open","ping_status":"closed","template":"pages.php","meta":{"ngg_post_thumbnail":0,"_monsterinsights_skip_tracking":false,"_monsterinsights_sitenote_active":false,"_monsterinsights_sitenote_note":"","_monsterinsights_sitenote_category":0},"_links":{"self":[{"href":"https:\/\/rendezvousdelabaie.ca\/en\/wp-json\/wp\/v2\/pages\/1454\/"}],"collection":[{"href":"https:\/\/rendezvousdelabaie.ca\/en\/wp-json\/wp\/v2\/pages\/"}],"about":[{"href":"https:\/\/rendezvousdelabaie.ca\/en\/wp-json\/wp\/v2\/types\/page\/"}],"author":[{"embeddable":true,"href":"https:\/\/rendezvousdelabaie.ca\/en\/wp-json\/wp\/v2\/users\/2\/"}],"replies":[{"embeddable":true,"href":"https:\/\/rendezvousdelabaie.ca\/en\/wp-json\/wp\/v2\/comments\/?post=1454"}],"version-history":[{"count":0,"href":"https:\/\/rendezvousdelabaie.ca\/en\/wp-json\/wp\/v2\/pages\/1454\/revisions\/"}],"up":[{"embeddable":true,"href":"https:\/\/rendezvousdelabaie.ca\/en\/wp-json\/wp\/v2\/pages\/168\/"}],"wp:attachment":[{"href":"https:\/\/rendezvousdelabaie.ca\/en\/wp-json\/wp\/v2\/media\/?parent=1454"}],"curies":[{"name":"wp","href":"https:\/\/api.w.org\/{rel}","templated":true}]}}