{"id":131,"date":"2012-01-03T20:08:32","date_gmt":"2012-01-04T00:08:32","guid":{"rendered":"http:\/\/rendezvousdelabaie.ca\/?page_id=131"},"modified":"2016-09-30T13:46:14","modified_gmt":"2016-09-30T16:46:14","slug":"meetings-and-conventions","status":"publish","type":"page","link":"https:\/\/rendezvousdelabaie.ca\/en\/meetings-and-conventions\/","title":{"rendered":"Meetings"},"content":{"rendered":"<div class=\"leftcol\">The Rendez-vous de la Baie is an ideal location for small to medium-sized community meetings and events. We have portable tables and chairs to accommodate your group&#8217;s needs. The Art Gallery can accommodate 25-30 seated persons. Projector and wireless Internet available.<\/p>\n<p>The new meeting room at \u201cRendez-vous de la Baie\u201d provides a free cozy and professional space for meetings up to 12 people. Wireless Internet available. Specialty coffees, teas and snacks available.<\/p>\n<p>Reservations:<br \/>\nLisa T Caf\u00e9 at 902-769-3674<br \/>\n<a href=\"mailto:c.o.r.d@hotmail.ca\">[\u00a0e-mail\u00a0]<\/a><\/p>\n<\/div>\n<div class=\"rightcol\">\n\n<div class=\"ngg-galleryoverview ngg-slideshow\"\n\t id=\"ngg-slideshow-1402-1737581580\"\n     data-gallery-id=\"1402\"\n     style=\"max-width: 400px; max-height: 280px;\">\n\n \t<div id=\"ngg-image-0\" class=\"ngg-gallery-slideshow-image\" style=\"height:280px\">\n\n        <a href=\"https:\/\/rendezvousdelabaie.ca\/wp-content\/themes\/rvb-2015\/gallery\/meetings\/salle-de-reunion.jpg\"\n           title=\"Meeting Room at Rendez-vous\"\n           data-src=\"https:\/\/rendezvousdelabaie.ca\/wp-content\/themes\/rvb-2015\/gallery\/meetings\/salle-de-reunion.jpg\"\n           data-thumbnail=\"https:\/\/rendezvousdelabaie.ca\/wp-content\/themes\/rvb-2015\/gallery\/meetings\/thumbs\/thumbs_salle-de-reunion.jpg\"\n           data-image-id=\"209\"\n           data-title=\"Salle de r\u00e9union au Rendez-vous\"\n           data-description=\"Meeting Room at Rendez-vous\"\n           class=\"shutterset_1402\">\n\n            <img data-image-id='209'\n                 title=\"Meeting Room at Rendez-vous\"\n                 alt=\"Salle de r\u00e9union au Rendez-vous\"\n                 src=\"https:\/\/rendezvousdelabaie.ca\/wp-content\/themes\/rvb-2015\/gallery\/meetings\/salle-de-reunion.jpg\"\n                 style=\"max-height: 260px;\"\/>\n        <\/a>\n\n        <\/div> \n<div id=\"ngg-image-1\" class=\"ngg-gallery-slideshow-image\" style=\"height:280px\">\n\n        <a href=\"https:\/\/rendezvousdelabaie.ca\/wp-content\/themes\/rvb-2015\/gallery\/meetings\/rvb-meeting-room-people.jpg\"\n           title=\"Meeting Room at Rendez-vous\"\n           data-src=\"https:\/\/rendezvousdelabaie.ca\/wp-content\/themes\/rvb-2015\/gallery\/meetings\/rvb-meeting-room-people.jpg\"\n           data-thumbnail=\"https:\/\/rendezvousdelabaie.ca\/wp-content\/themes\/rvb-2015\/gallery\/meetings\/thumbs\/thumbs_rvb-meeting-room-people.jpg\"\n           data-image-id=\"210\"\n           data-title=\"Salle de r\u00e9union au Rendez-vous\"\n           data-description=\"Meeting Room at Rendez-vous\"\n           class=\"shutterset_1402\">\n\n            <img data-image-id='210'\n                 title=\"Meeting Room at Rendez-vous\"\n                 alt=\"Salle de r\u00e9union au Rendez-vous\"\n                 src=\"https:\/\/rendezvousdelabaie.ca\/wp-content\/themes\/rvb-2015\/gallery\/meetings\/rvb-meeting-room-people.jpg\"\n                 style=\"max-height: 260px;\"\/>\n        <\/a>\n\n        <\/div> \n<div id=\"ngg-image-2\" class=\"ngg-gallery-slideshow-image\" style=\"height:280px\">\n\n        <a href=\"https:\/\/rendezvousdelabaie.ca\/wp-content\/themes\/rvb-2015\/gallery\/meetings\/catered-dinner-in-art-gallery.jpg\"\n           title=\"Catered dinner in Le Tr\u00e9carr\u00e9 Art Gallery\"\n           data-src=\"https:\/\/rendezvousdelabaie.ca\/wp-content\/themes\/rvb-2015\/gallery\/meetings\/catered-dinner-in-art-gallery.jpg\"\n           data-thumbnail=\"https:\/\/rendezvousdelabaie.ca\/wp-content\/themes\/rvb-2015\/gallery\/meetings\/thumbs\/thumbs_catered-dinner-in-art-gallery.jpg\"\n           data-image-id=\"207\"\n           data-title=\"Repas \u00e0 la Galerie Tr\u00e9carr\u00e9\"\n           data-description=\"Catered dinner in Le Tr\u00e9carr\u00e9 Art Gallery\"\n           class=\"shutterset_1402\">\n\n            <img data-image-id='207'\n                 title=\"Catered dinner in Le Tr\u00e9carr\u00e9 Art Gallery\"\n                 alt=\"Repas \u00e0 la Galerie Tr\u00e9carr\u00e9\"\n                 src=\"https:\/\/rendezvousdelabaie.ca\/wp-content\/themes\/rvb-2015\/gallery\/meetings\/catered-dinner-in-art-gallery.jpg\"\n                 style=\"max-height: 260px;\"\/>\n        <\/a>\n\n        <\/div> \n<div id=\"ngg-image-3\" class=\"ngg-gallery-slideshow-image\" style=\"height:280px\">\n\n        <a href=\"https:\/\/rendezvousdelabaie.ca\/wp-content\/themes\/rvb-2015\/gallery\/meetings\/galerie-dart-ecran.jpg\"\n           title=\"Meeting in Le Tr\u00e9carr\u00e9 Art Gallery\"\n           data-src=\"https:\/\/rendezvousdelabaie.ca\/wp-content\/themes\/rvb-2015\/gallery\/meetings\/galerie-dart-ecran.jpg\"\n           data-thumbnail=\"https:\/\/rendezvousdelabaie.ca\/wp-content\/themes\/rvb-2015\/gallery\/meetings\/thumbs\/thumbs_galerie-dart-ecran.jpg\"\n           data-image-id=\"234\"\n           data-title=\"R\u00e9union \u00e0 la Galerie Tr\u00e9carr\u00e9\"\n           data-description=\"Meeting in Le Tr\u00e9carr\u00e9 Art Gallery\"\n           class=\"shutterset_1402\">\n\n            <img data-image-id='234'\n                 title=\"Meeting in Le Tr\u00e9carr\u00e9 Art Gallery\"\n                 alt=\"R\u00e9union \u00e0 la Galerie Tr\u00e9carr\u00e9\"\n                 src=\"https:\/\/rendezvousdelabaie.ca\/wp-content\/themes\/rvb-2015\/gallery\/meetings\/galerie-dart-ecran.jpg\"\n                 style=\"max-height: 260px;\"\/>\n        <\/a>\n\n        <\/div> \n<div id=\"ngg-image-4\" class=\"ngg-gallery-slideshow-image\" style=\"height:280px\">\n\n        <a href=\"https:\/\/rendezvousdelabaie.ca\/wp-content\/themes\/rvb-2015\/gallery\/meetings\/galerie-dart-avec-tables.jpg\"\n           title=\"Meeting in Le Tr\u00e9carr\u00e9 Art Gallery\"\n           data-src=\"https:\/\/rendezvousdelabaie.ca\/wp-content\/themes\/rvb-2015\/gallery\/meetings\/galerie-dart-avec-tables.jpg\"\n           data-thumbnail=\"https:\/\/rendezvousdelabaie.ca\/wp-content\/themes\/rvb-2015\/gallery\/meetings\/thumbs\/thumbs_galerie-dart-avec-tables.jpg\"\n           data-image-id=\"233\"\n           data-title=\"R\u00e9union \u00e0 la Galerie Tr\u00e9carr\u00e9\"\n           data-description=\"Meeting in Le Tr\u00e9carr\u00e9 Art Gallery\"\n           class=\"shutterset_1402\">\n\n            <img data-image-id='233'\n                 title=\"Meeting in Le Tr\u00e9carr\u00e9 Art Gallery\"\n                 alt=\"R\u00e9union \u00e0 la Galerie Tr\u00e9carr\u00e9\"\n                 src=\"https:\/\/rendezvousdelabaie.ca\/wp-content\/themes\/rvb-2015\/gallery\/meetings\/galerie-dart-avec-tables.jpg\"\n                 style=\"max-height: 260px;\"\/>\n        <\/a>\n\n        <\/div> \n<\/div>\n\n\n\n<br \/>\n<img loading=\"lazy\" class=\"size-full wp-image-1969 aligncenter\" src=\"http:\/\/rendezvousdelabaie.ca\/wp-content\/uploads\/2012\/01\/free-wifi-gratuit.jpg\" alt=\"Free WiFi gratuit\" width=\"120\" height=\"67\" \/><\/div>\n","protected":false},"excerpt":{"rendered":"<p>The Rendez-vous de la Baie is an ideal location for small to medium-sized community meetings and events. We have portable tables and chairs to accommodate your group&#8217;s needs. The Art Gallery can accommodate 25-30 seated persons. Projector and wireless Internet available. The new meeting room at \u201cRendez-vous de la Baie\u201d provides a free cozy and &hellip; <a href=\"https:\/\/rendezvousdelabaie.ca\/en\/meetings-and-conventions\/\" class=\"more-link\">Continue reading <span class=\"screen-reader-text\">Meetings<\/span><\/a><\/p>\n","protected":false},"author":16,"featured_media":0,"parent":0,"menu_order":0,"comment_status":"closed","ping_status":"closed","template":"","meta":{"ngg_post_thumbnail":0,"_monsterinsights_skip_tracking":false,"_monsterinsights_sitenote_active":false,"_monsterinsights_sitenote_note":"","_monsterinsights_sitenote_category":0},"_links":{"self":[{"href":"https:\/\/rendezvousdelabaie.ca\/en\/wp-json\/wp\/v2\/pages\/131\/"}],"collection":[{"href":"https:\/\/rendezvousdelabaie.ca\/en\/wp-json\/wp\/v2\/pages\/"}],"about":[{"href":"https:\/\/rendezvousdelabaie.ca\/en\/wp-json\/wp\/v2\/types\/page\/"}],"author":[{"embeddable":true,"href":"https:\/\/rendezvousdelabaie.ca\/en\/wp-json\/wp\/v2\/users\/16\/"}],"replies":[{"embeddable":true,"href":"https:\/\/rendezvousdelabaie.ca\/en\/wp-json\/wp\/v2\/comments\/?post=131"}],"version-history":[{"count":0,"href":"https:\/\/rendezvousdelabaie.ca\/en\/wp-json\/wp\/v2\/pages\/131\/revisions\/"}],"wp:attachment":[{"href":"https:\/\/rendezvousdelabaie.ca\/en\/wp-json\/wp\/v2\/media\/?parent=131"}],"curies":[{"name":"wp","href":"https:\/\/api.w.org\/{rel}","templated":true}]}}