{"id":1101,"date":"2013-12-30T09:46:54","date_gmt":"2013-12-30T13:46:54","guid":{"rendered":"http:\/\/rendezvousdelabaie.ca\/?page_id=1101"},"modified":"2016-01-08T10:43:22","modified_gmt":"2016-01-08T14:43:22","slug":"2013-archive","status":"publish","type":"page","link":"https:\/\/rendezvousdelabaie.ca\/en\/activities-and-events\/2013-archive\/","title":{"rendered":"2013"},"content":{"rendered":"<h1>EVENTS PROGRAM : 2013<\/h1>\n<p>Click on the links for information on programming activities for the 2013 season!<\/p>\n<p>June 21: <a href=\"http:\/\/rendezvousdelabaie.ca\/?attachment_id=730\"><strong>Celebrate the Summer Solstice, with Assoc. des Acadiens M\u00e9tis Souriquois &#038; Sahara Dragon (7:30 pm &#8211; 11 pm) &#8211; click for details<\/strong><\/a><\/p>\n<p>June 24 &#8211; Sept. 30: <strong>MUSIQUE DE LA BAIE<\/strong> (Mondays, 5 pm &#8211; 7 pm)<br \/>\nLive Acadian music free with meal purchase. Reservations recommended: 902-769-3674<\/p>\n<p><strong>ART DE LA BAIE <\/strong>(Thursdays, 10 am &#8211; 3 pm, except Friday July 26)<br \/>\nLe Conseil des Arts de la Baie and Clare Tourism Department have teamed up to create a showcase project of local artists for the summer of 2013. Come watch talented artists at work and participate in a workshop. Material will be provided.<br \/>\nTo register, contact Danny at 902-769-2345 or vicclare@gmail.com<br \/>\nJune 27: Claude Chaloux (graphos)<br \/>\nJuly 26: Sheila LeBlanc (monotype)<br \/>\nAugust 1: Val\u00e9rie Nadon (visual arts)<br \/>\nAugust 8: Karen Boudreau (linocuts\/printmaking)<br \/>\nAugust 15: Nora Robicheau (collage)<\/p>\n<p>July 1 &#8211; Sept. 30: <a href=\"http:\/\/rendezvousdelabaie.ca\/acadian-adventure-tour\/?lang=en\" target=\"_blank\"><strong>ACADIAN ADVENTURE: Guided experiential bus tours &#8211; click for details<\/strong><\/a> (Mondays) <\/p>\n<p><strong>\u00ab Legends of the Baie \u00bb Lantern Tour<\/strong>, 4 pm-4:30 pm<br \/>\nWednesdays during Festival acadien: July 31, Aug. 7, Aug. 14<br \/>\nAcadian Interpretive Centre<br \/>\nContact: Danny Blinn, 902-769-2345, vicclare@gmail.com<\/p>\n<p><strong>Other Activities:<\/strong><br \/>\nAug 5: <strong>Soir\u00e9e Rendez-vous with wine &#038; food<\/strong> (6 pm &#8211; 9 pm) with Luckett Vineyards. $15\/person or $25\/2<br \/>\n(NEW DATE) Aug 13: <strong>Outdoor film night \u201cLa Cabane\u201d<\/strong> (9:30 pm) free<br \/>\nAug 28-31 <a href=\"http:\/\/baiesaintemarie.ca\/acadian-shore-poker-run\/?lang=en\" title=\"Clare Acadian Shore Poker Run Map\" target=\"_blank\"><strong>Acadian Shore Poker Run<\/strong><\/a> (Wharf Rat Rally event)<br \/>\nSept 29: <a href=\"http:\/\/rendezvousdelabaie.ca\/?attachment_id=866\" target=\"_blank\"><strong>Craft Splash, Clare Day:<\/strong><\/a> artisans\/music (10 am &#8211; 3 pm) <\/p>\n\n\n<div class=\"ngg-galleryoverview ngg-slideshow\"\n\t id=\"ngg-slideshow-049b0e4c4e43f733391687adb4110e7a-7510002100\"\n     data-gallery-id=\"049b0e4c4e43f733391687adb4110e7a\"\n     style=\"max-width: 667px; max-height: 450px;\">\n\n \t<div id=\"ngg-image-0\" class=\"ngg-gallery-slideshow-image\" style=\"height:450px\">\n\n        <a href=\"https:\/\/rendezvousdelabaie.ca\/wp-content\/themes\/rvb-2015\/gallery\/ae2013\/nocturne-lampe-de-poche.jpg\"\n           title=\"Flashlight exhibition at art gallery, Nocturne \u00e0 la Baie: March 22\"\n           data-src=\"https:\/\/rendezvousdelabaie.ca\/wp-content\/themes\/rvb-2015\/gallery\/ae2013\/nocturne-lampe-de-poche.jpg\"\n           data-thumbnail=\"https:\/\/rendezvousdelabaie.ca\/wp-content\/themes\/rvb-2015\/gallery\/ae2013\/thumbs\/thumbs_nocturne-lampe-de-poche.jpg\"\n           data-image-id=\"227\"\n           data-title=\"Exposition &#039;Lampe de Poche&#039; au Tr\u00e9carr\u00e9 : le 22 mars\"\n           data-description=\"Flashlight exhibition at art gallery, Nocturne \u00e0 la Baie: March 22\"\n           class=\"shutterset_049b0e4c4e43f733391687adb4110e7a\">\n\n            <img data-image-id='227'\n                 title=\"Flashlight exhibition at art gallery, Nocturne \u00e0 la Baie: March 22\"\n                 alt=\"Exposition &#039;Lampe de Poche&#039; au Tr\u00e9carr\u00e9 : le 22 mars\"\n                 src=\"https:\/\/rendezvousdelabaie.ca\/wp-content\/themes\/rvb-2015\/gallery\/ae2013\/nocturne-lampe-de-poche.jpg\"\n                 style=\"max-height: 430px;\"\/>\n        <\/a>\n\n        <\/div> \n<div id=\"ngg-image-1\" class=\"ngg-gallery-slideshow-image\" style=\"height:450px\">\n\n        <a href=\"https:\/\/rendezvousdelabaie.ca\/wp-content\/themes\/rvb-2015\/gallery\/ae2013\/nocturne-legendes-de-la-baie.jpg\"\n           title=\"Guided lantern tour @ Rendez-vous during Nocturne \u00e0 la Baie: March 22\"\n           data-src=\"https:\/\/rendezvousdelabaie.ca\/wp-content\/themes\/rvb-2015\/gallery\/ae2013\/nocturne-legendes-de-la-baie.jpg\"\n           data-thumbnail=\"https:\/\/rendezvousdelabaie.ca\/wp-content\/themes\/rvb-2015\/gallery\/ae2013\/thumbs\/thumbs_nocturne-legendes-de-la-baie.jpg\"\n           data-image-id=\"228\"\n           data-title=\"Tourn\u00e9e guid\u00e9e &#039;L\u00e9gendes de la Baie&#039; pendant Nocturne : le 22 mars\"\n           data-description=\"Guided lantern tour @ Rendez-vous during Nocturne \u00e0 la Baie: March 22\"\n           class=\"shutterset_049b0e4c4e43f733391687adb4110e7a\">\n\n            <img data-image-id='228'\n                 title=\"Guided lantern tour @ Rendez-vous during Nocturne \u00e0 la Baie: March 22\"\n                 alt=\"Tourn\u00e9e guid\u00e9e &#039;L\u00e9gendes de la Baie&#039; pendant Nocturne : le 22 mars\"\n                 src=\"https:\/\/rendezvousdelabaie.ca\/wp-content\/themes\/rvb-2015\/gallery\/ae2013\/nocturne-legendes-de-la-baie.jpg\"\n                 style=\"max-height: 430px;\"\/>\n        <\/a>\n\n        <\/div> \n<div id=\"ngg-image-2\" class=\"ngg-gallery-slideshow-image\" style=\"height:450px\">\n\n        <a href=\"https:\/\/rendezvousdelabaie.ca\/wp-content\/themes\/rvb-2015\/gallery\/ae2013\/nocturne-art-au-corridor.jpg\"\n           title=\"Art @Rendez-vous corridor during Nocturne \u00e0 la Baie, March 22\"\n           data-src=\"https:\/\/rendezvousdelabaie.ca\/wp-content\/themes\/rvb-2015\/gallery\/ae2013\/nocturne-art-au-corridor.jpg\"\n           data-thumbnail=\"https:\/\/rendezvousdelabaie.ca\/wp-content\/themes\/rvb-2015\/gallery\/ae2013\/thumbs\/thumbs_nocturne-art-au-corridor.jpg\"\n           data-image-id=\"224\"\n           data-title=\"L&#039;art pendant Nocturne : le 22 mars\"\n           data-description=\"Art @Rendez-vous corridor during Nocturne \u00e0 la Baie, March 22\"\n           class=\"shutterset_049b0e4c4e43f733391687adb4110e7a\">\n\n            <img data-image-id='224'\n                 title=\"Art @Rendez-vous corridor during Nocturne \u00e0 la Baie, March 22\"\n                 alt=\"L&#039;art pendant Nocturne : le 22 mars\"\n                 src=\"https:\/\/rendezvousdelabaie.ca\/wp-content\/themes\/rvb-2015\/gallery\/ae2013\/nocturne-art-au-corridor.jpg\"\n                 style=\"max-height: 430px;\"\/>\n        <\/a>\n\n        <\/div> \n<div id=\"ngg-image-3\" class=\"ngg-gallery-slideshow-image\" style=\"height:450px\">\n\n        <a href=\"https:\/\/rendezvousdelabaie.ca\/wp-content\/themes\/rvb-2015\/gallery\/ae2013\/nocturne-sahara-dragons.jpg\"\n           title=\"Sahara Dragons play during Nocturne \u00e0 la Baie: March 22\"\n           data-src=\"https:\/\/rendezvousdelabaie.ca\/wp-content\/themes\/rvb-2015\/gallery\/ae2013\/nocturne-sahara-dragons.jpg\"\n           data-thumbnail=\"https:\/\/rendezvousdelabaie.ca\/wp-content\/themes\/rvb-2015\/gallery\/ae2013\/thumbs\/thumbs_nocturne-sahara-dragons.jpg\"\n           data-image-id=\"229\"\n           data-title=\"Sahara Dragons joue au Rendez-vous : le 22 mars\"\n           data-description=\"Sahara Dragons play during Nocturne \u00e0 la Baie: March 22\"\n           class=\"shutterset_049b0e4c4e43f733391687adb4110e7a\">\n\n            <img data-image-id='229'\n                 title=\"Sahara Dragons play during Nocturne \u00e0 la Baie: March 22\"\n                 alt=\"Sahara Dragons joue au Rendez-vous : le 22 mars\"\n                 src=\"https:\/\/rendezvousdelabaie.ca\/wp-content\/themes\/rvb-2015\/gallery\/ae2013\/nocturne-sahara-dragons.jpg\"\n                 style=\"max-height: 430px;\"\/>\n        <\/a>\n\n        <\/div> \n<div id=\"ngg-image-4\" class=\"ngg-gallery-slideshow-image\" style=\"height:450px\">\n\n        <a href=\"https:\/\/rendezvousdelabaie.ca\/wp-content\/themes\/rvb-2015\/gallery\/ae2013\/nocturne-cafe.jpg\"\n           title=\"Caf\u00e9 during Nocturne \u00e0 la Baie, March 22\"\n           data-src=\"https:\/\/rendezvousdelabaie.ca\/wp-content\/themes\/rvb-2015\/gallery\/ae2013\/nocturne-cafe.jpg\"\n           data-thumbnail=\"https:\/\/rendezvousdelabaie.ca\/wp-content\/themes\/rvb-2015\/gallery\/ae2013\/thumbs\/thumbs_nocturne-cafe.jpg\"\n           data-image-id=\"225\"\n           data-title=\"Le caf\u00e9 pendant Nocturne : le 22 mars\"\n           data-description=\"Caf\u00e9 during Nocturne \u00e0 la Baie, March 22\"\n           class=\"shutterset_049b0e4c4e43f733391687adb4110e7a\">\n\n            <img data-image-id='225'\n                 title=\"Caf\u00e9 during Nocturne \u00e0 la Baie, March 22\"\n                 alt=\"Le caf\u00e9 pendant Nocturne : le 22 mars\"\n                 src=\"https:\/\/rendezvousdelabaie.ca\/wp-content\/themes\/rvb-2015\/gallery\/ae2013\/nocturne-cafe.jpg\"\n                 style=\"max-height: 430px;\"\/>\n        <\/a>\n\n        <\/div> \n<div id=\"ngg-image-5\" class=\"ngg-gallery-slideshow-image\" style=\"height:450px\">\n\n        <a href=\"https:\/\/rendezvousdelabaie.ca\/wp-content\/themes\/rvb-2015\/gallery\/ae2013\/nocturne-eglise.jpg\"\n           title=\"Eglise Sainte-Marie Church during Nocturne \u00e0 la Baie: March 22\"\n           data-src=\"https:\/\/rendezvousdelabaie.ca\/wp-content\/themes\/rvb-2015\/gallery\/ae2013\/nocturne-eglise.jpg\"\n           data-thumbnail=\"https:\/\/rendezvousdelabaie.ca\/wp-content\/themes\/rvb-2015\/gallery\/ae2013\/thumbs\/thumbs_nocturne-eglise.jpg\"\n           data-image-id=\"226\"\n           data-title=\"Eglise Sainte-Marie pendant Nocturne : le 22 mars\"\n           data-description=\"Eglise Sainte-Marie Church during Nocturne \u00e0 la Baie: March 22\"\n           class=\"shutterset_049b0e4c4e43f733391687adb4110e7a\">\n\n            <img data-image-id='226'\n                 title=\"Eglise Sainte-Marie Church during Nocturne \u00e0 la Baie: March 22\"\n                 alt=\"Eglise Sainte-Marie pendant Nocturne : le 22 mars\"\n                 src=\"https:\/\/rendezvousdelabaie.ca\/wp-content\/themes\/rvb-2015\/gallery\/ae2013\/nocturne-eglise.jpg\"\n                 style=\"max-height: 430px;\"\/>\n        <\/a>\n\n        <\/div> \n<div id=\"ngg-image-6\" class=\"ngg-gallery-slideshow-image\" style=\"height:450px\">\n\n        <a href=\"https:\/\/rendezvousdelabaie.ca\/wp-content\/themes\/rvb-2015\/gallery\/ae2013\/rvb-farmers-market-corridors-for-ad.jpg\"\n           title=\"Indoor Winter Market @ Rendez-vous : Feb. 24, Mar. 24 and Apr. 28\"\n           data-src=\"https:\/\/rendezvousdelabaie.ca\/wp-content\/themes\/rvb-2015\/gallery\/ae2013\/rvb-farmers-market-corridors-for-ad.jpg\"\n           data-thumbnail=\"https:\/\/rendezvousdelabaie.ca\/wp-content\/themes\/rvb-2015\/gallery\/ae2013\/thumbs\/thumbs_rvb-farmers-market-corridors-for-ad.jpg\"\n           data-image-id=\"217\"\n           data-title=\"March\u00e9 hivernal @ Rendez-vous : le 24 f\u00e9v., le 24 mars, et le 28 avril\"\n           data-description=\"Indoor Winter Market @ Rendez-vous : Feb. 24, Mar. 24 and Apr. 28\"\n           class=\"shutterset_049b0e4c4e43f733391687adb4110e7a\">\n\n            <img data-image-id='217'\n                 title=\"Indoor Winter Market @ Rendez-vous : Feb. 24, Mar. 24 and Apr. 28\"\n                 alt=\"March\u00e9 hivernal @ Rendez-vous : le 24 f\u00e9v., le 24 mars, et le 28 avril\"\n                 src=\"https:\/\/rendezvousdelabaie.ca\/wp-content\/themes\/rvb-2015\/gallery\/ae2013\/rvb-farmers-market-corridors-for-ad.jpg\"\n                 style=\"max-height: 430px;\"\/>\n        <\/a>\n\n        <\/div> \n<div id=\"ngg-image-7\" class=\"ngg-gallery-slideshow-image\" style=\"height:450px\">\n\n        <a href=\"https:\/\/rendezvousdelabaie.ca\/wp-content\/themes\/rvb-2015\/gallery\/ae2013\/musique-de-la-baie-rendezvous-outdoor-stage.jpg\"\n           title=\"Juin \u00e0 Septembre 2013 | June to September 2013\"\n           data-src=\"https:\/\/rendezvousdelabaie.ca\/wp-content\/themes\/rvb-2015\/gallery\/ae2013\/musique-de-la-baie-rendezvous-outdoor-stage.jpg\"\n           data-thumbnail=\"https:\/\/rendezvousdelabaie.ca\/wp-content\/themes\/rvb-2015\/gallery\/ae2013\/thumbs\/thumbs_musique-de-la-baie-rendezvous-outdoor-stage.jpg\"\n           data-image-id=\"216\"\n           data-title=\"Musique de la Baie @ Rendez-vous de la Baie\"\n           data-description=\"Juin \u00e0 Septembre 2013 | June to September 2013\"\n           class=\"shutterset_049b0e4c4e43f733391687adb4110e7a\">\n\n            <img data-image-id='216'\n                 title=\"Juin \u00e0 Septembre 2013 | June to September 2013\"\n                 alt=\"Musique de la Baie @ Rendez-vous de la Baie\"\n                 src=\"https:\/\/rendezvousdelabaie.ca\/wp-content\/themes\/rvb-2015\/gallery\/ae2013\/musique-de-la-baie-rendezvous-outdoor-stage.jpg\"\n                 style=\"max-height: 430px;\"\/>\n        <\/a>\n\n        <\/div> \n<div id=\"ngg-image-8\" class=\"ngg-gallery-slideshow-image\" style=\"height:450px\">\n\n        <a href=\"https:\/\/rendezvousdelabaie.ca\/wp-content\/themes\/rvb-2015\/gallery\/ae2013\/art-de-la-baie-rvb-showcase.jpg\"\n           title=\"Juin \u00e0 Septembre 2013 | June to September 2013\"\n           data-src=\"https:\/\/rendezvousdelabaie.ca\/wp-content\/themes\/rvb-2015\/gallery\/ae2013\/art-de-la-baie-rvb-showcase.jpg\"\n           data-thumbnail=\"https:\/\/rendezvousdelabaie.ca\/wp-content\/themes\/rvb-2015\/gallery\/ae2013\/thumbs\/thumbs_art-de-la-baie-rvb-showcase.jpg\"\n           data-image-id=\"215\"\n           data-title=\"&#039;Art de la Baie&#039; showcase @ Rendez-vous de la Baie\"\n           data-description=\"Juin \u00e0 Septembre 2013 | June to September 2013\"\n           class=\"shutterset_049b0e4c4e43f733391687adb4110e7a\">\n\n            <img data-image-id='215'\n                 title=\"Juin \u00e0 Septembre 2013 | June to September 2013\"\n                 alt=\"&#039;Art de la Baie&#039; showcase @ Rendez-vous de la Baie\"\n                 src=\"https:\/\/rendezvousdelabaie.ca\/wp-content\/themes\/rvb-2015\/gallery\/ae2013\/art-de-la-baie-rvb-showcase.jpg\"\n                 style=\"max-height: 430px;\"\/>\n        <\/a>\n\n        <\/div> \n<div id=\"ngg-image-9\" class=\"ngg-gallery-slideshow-image\" style=\"height:450px\">\n\n        <a href=\"https:\/\/rendezvousdelabaie.ca\/wp-content\/themes\/rvb-2015\/gallery\/ae2013\/clare-poker-run.jpg\"\n           title=\"Clare Poker Run : August 28-31\"\n           data-src=\"https:\/\/rendezvousdelabaie.ca\/wp-content\/themes\/rvb-2015\/gallery\/ae2013\/clare-poker-run.jpg\"\n           data-thumbnail=\"https:\/\/rendezvousdelabaie.ca\/wp-content\/themes\/rvb-2015\/gallery\/ae2013\/thumbs\/thumbs_clare-poker-run.jpg\"\n           data-image-id=\"220\"\n           data-title=\"Clare Poker Run : les 28-31 ao\u00fbt\"\n           data-description=\"Clare Poker Run : August 28-31\"\n           class=\"shutterset_049b0e4c4e43f733391687adb4110e7a\">\n\n            <img data-image-id='220'\n                 title=\"Clare Poker Run : August 28-31\"\n                 alt=\"Clare Poker Run : les 28-31 ao\u00fbt\"\n                 src=\"https:\/\/rendezvousdelabaie.ca\/wp-content\/themes\/rvb-2015\/gallery\/ae2013\/clare-poker-run.jpg\"\n                 style=\"max-height: 430px;\"\/>\n        <\/a>\n\n        <\/div> \n<\/div>\n\n\n\n\n","protected":false},"excerpt":{"rendered":"<p>EVENTS PROGRAM : 2013 Click on the links for information on programming activities for the 2013 season! June 21: Celebrate the Summer Solstice, with Assoc. des Acadiens M\u00e9tis Souriquois &#038; Sahara Dragon (7:30 pm &#8211; 11 pm) &#8211; click for details June 24 &#8211; Sept. 30: MUSIQUE DE LA BAIE (Mondays, 5 pm &#8211; 7 &hellip; <a href=\"https:\/\/rendezvousdelabaie.ca\/en\/activities-and-events\/2013-archive\/\" class=\"more-link\">Continue reading <span class=\"screen-reader-text\">2013<\/span><\/a><\/p>\n","protected":false},"author":2,"featured_media":0,"parent":168,"menu_order":2,"comment_status":"open","ping_status":"closed","template":"pages.php","meta":{"ngg_post_thumbnail":0,"_monsterinsights_skip_tracking":false,"_monsterinsights_sitenote_active":false,"_monsterinsights_sitenote_note":"","_monsterinsights_sitenote_category":0},"_links":{"self":[{"href":"https:\/\/rendezvousdelabaie.ca\/en\/wp-json\/wp\/v2\/pages\/1101\/"}],"collection":[{"href":"https:\/\/rendezvousdelabaie.ca\/en\/wp-json\/wp\/v2\/pages\/"}],"about":[{"href":"https:\/\/rendezvousdelabaie.ca\/en\/wp-json\/wp\/v2\/types\/page\/"}],"author":[{"embeddable":true,"href":"https:\/\/rendezvousdelabaie.ca\/en\/wp-json\/wp\/v2\/users\/2\/"}],"replies":[{"embeddable":true,"href":"https:\/\/rendezvousdelabaie.ca\/en\/wp-json\/wp\/v2\/comments\/?post=1101"}],"version-history":[{"count":0,"href":"https:\/\/rendezvousdelabaie.ca\/en\/wp-json\/wp\/v2\/pages\/1101\/revisions\/"}],"up":[{"embeddable":true,"href":"https:\/\/rendezvousdelabaie.ca\/en\/wp-json\/wp\/v2\/pages\/168\/"}],"wp:attachment":[{"href":"https:\/\/rendezvousdelabaie.ca\/en\/wp-json\/wp\/v2\/media\/?parent=1101"}],"curies":[{"name":"wp","href":"https:\/\/api.w.org\/{rel}","templated":true}]}}